{"id":5484,"date":"2020-06-18T11:29:59","date_gmt":"2020-06-18T11:29:59","guid":{"rendered":"http:\/\/rental.vistasoftware.com\/?page_id=5484"},"modified":"2024-03-09T14:41:59","modified_gmt":"2024-03-09T14:41:59","slug":"services","status":"publish","type":"page","link":"https:\/\/rental.vistasoftware.com\/de\/services\/","title":{"rendered":"Services"},"content":{"rendered":"<p>[et_pb_section fb_built=&#8220;1&#8243; fullwidth=&#8220;on&#8220; _builder_version=&#8220;4.16&#8243; global_colors_info=&#8220;{}&#8220;][et_pb_fullwidth_image src=&#8220;https:\/\/rental.vistasoftware.com\/wp-content\/uploads\/2024\/03\/dynamics-365-business-central-software-rental-diensten-service-dienstleistungen.jpg&#8220; title_text=&#8220;dynamics 365 business central software rental diensten service dienstleistungen&#8220; _builder_version=&#8220;4.19.5&#8243; hover_enabled=&#8220;0&#8243; global_colors_info=&#8220;{}&#8220; sticky_enabled=&#8220;0&#8243;][\/et_pb_fullwidth_image][\/et_pb_section][et_pb_section fb_built=&#8220;1&#8243; _builder_version=&#8220;4.16&#8243; global_colors_info=&#8220;{}&#8220;][et_pb_row _builder_version=&#8220;4.16&#8243; background_size=&#8220;initial&#8220; background_position=&#8220;top_left&#8220; background_repeat=&#8220;repeat&#8220; global_colors_info=&#8220;{}&#8220;][et_pb_column type=&#8220;4_4&#8243; _builder_version=&#8220;4.16&#8243; custom_padding=&#8220;|||&#8220; global_colors_info=&#8220;{}&#8220; custom_padding__hover=&#8220;|||&#8220;][et_pb_text _builder_version=&#8220;4.19.5&#8243; header_text_color=&#8220;#2ea3f2&#8243; border_style=&#8220;solid&#8220; saved_tabs=&#8220;all&#8220; global_colors_info=&#8220;{}&#8220; custom_padding=&#8220;4px||1px|||&#8220;]<\/p>\n<h1><span style=\"color: #ea5f0b;\">Dienstleistungen<\/span><\/h1>\n<p>[\/et_pb_text][\/et_pb_column][\/et_pb_row][et_pb_row column_structure=&#8220;1_2,1_2&#8243; _builder_version=&#8220;4.16&#8243; global_colors_info=&#8220;{}&#8220;][et_pb_column type=&#8220;1_2&#8243; _builder_version=&#8220;4.16&#8243; global_colors_info=&#8220;{}&#8220;][et_pb_text _builder_version=&#8220;4.16&#8243; global_colors_info=&#8220;{}&#8220;]<\/p>\n<ul>\n<li><span style=\"font-size: 14px; color: #000000;\">Serviceartikel (Objecte, Material, Teile, &#8230;)<\/span><\/li>\n<li><span style=\"color: #000000;\">Servicetypen (Installation, Wartung, Reparaturen, Transport, &#8230;)<\/span><\/li>\n<li><span style=\"color: #000000;\">Servicevertr\u00e4ge und regelm\u00e4ssige oder spezifische Abrechnung<\/span><\/li>\n<li><span style=\"color: #000000;\">Serviceaufgaben &amp; Planung<\/span><\/li>\n<li><span style=\"color: #000000;\">Grafische Planung<\/span><\/li>\n<li><span style=\"color: #000000;\">Z\u00e4hlerablesungen, Tests, Zertifizierungen &amp; Inspektionen<\/span><\/li>\n<li><span style=\"color: #000000;\">Ressourcen &amp; Arbeitsregistrierung<\/span><\/li>\n<li><span style=\"color: #000000;\">Lager &amp; Verbrauch<\/span><\/li>\n<li><span style=\"color: #000000;\">Abrechnung<\/span><\/li>\n<li><span style=\"color: #000000;\">Berichte &amp; Statistieken<\/span><\/li>\n<li><span style=\"color: #000000;\">Anschluss an Projekt- oder Mietmodul (optional)<\/span><\/li>\n<li><span style=\"color: #000000;\">Anschluss an SharePoint (optional)<\/span><\/li>\n<li><span style=\"color: #000000;\">Apps (online, offline)<\/span><\/li>\n<\/ul>\n<p>[\/et_pb_text][\/et_pb_column][et_pb_column type=&#8220;1_2&#8243; _builder_version=&#8220;4.16&#8243; global_colors_info=&#8220;{}&#8220;][et_pb_image src=&#8220;https:\/\/rental.vistasoftware.com\/wp-content\/uploads\/2024\/03\/dynamics-365-business-central-rental-verhuur-vermietung-location-software.jpg&#8220; _builder_version=&#8220;4.19.5&#8243; hover_enabled=&#8220;0&#8243; global_colors_info=&#8220;{}&#8220; title_text=&#8220;dynamics 365 business central rental verhuur vermietung location software&#8220; sticky_enabled=&#8220;0&#8243;][\/et_pb_image][\/et_pb_column][\/et_pb_row][\/et_pb_section][et_pb_section fb_built=&#8220;1&#8243; _builder_version=&#8220;4.16&#8243; _module_preset=&#8220;default&#8220; global_colors_info=&#8220;{}&#8220;][et_pb_row _builder_version=&#8220;4.16&#8243; _module_preset=&#8220;default&#8220; global_colors_info=&#8220;{}&#8220;][et_pb_column type=&#8220;4_4&#8243; _builder_version=&#8220;4.16&#8243; _module_preset=&#8220;default&#8220; global_colors_info=&#8220;{}&#8220;][et_pb_image src=&#8220;https:\/\/rental.vistasoftware.com\/wp-content\/uploads\/2024\/03\/Vermietungssoftware.png&#8220; title_text=&#8220;Vermietungssoftware&#8220; align=&#8220;center&#8220; _builder_version=&#8220;4.19.5&#8243; _module_preset=&#8220;default&#8220; hover_enabled=&#8220;0&#8243; global_colors_info=&#8220;{}&#8220; sticky_enabled=&#8220;0&#8243;][\/et_pb_image][\/et_pb_column][\/et_pb_row][\/et_pb_section]<\/p>\n","protected":false},"excerpt":{"rendered":"<p>Dienstleistungen Serviceartikel (Objecte, Material, Teile, &#8230;) Servicetypen (Installation, Wartung, Reparaturen, Transport, &#8230;) Servicevertr\u00e4ge und regelm\u00e4ssige oder spezifische Abrechnung Serviceaufgaben &amp; Planung Grafische Planung Z\u00e4hlerablesungen, Tests, Zertifizierungen &amp; Inspektionen Ressourcen &amp; Arbeitsregistrierung Lager &amp; Verbrauch Abrechnung Berichte &amp; Statistieken Anschluss an Projekt- oder Mietmodul (optional) Anschluss an SharePoint (optional) Apps (online, offline)<\/p>\n","protected":false},"author":1,"featured_media":0,"parent":0,"menu_order":0,"comment_status":"closed","ping_status":"closed","template":"","meta":{"_et_pb_use_builder":"on","_et_pb_old_content":"","_et_gb_content_width":"","footnotes":""},"yoast_head":"<!-- This site is optimized with the Yoast SEO plugin v22.9 - https:\/\/yoast.com\/wordpress\/plugins\/seo\/ -->\n<title>Services<\/title>\n<meta name=\"description\" content=\"Servicemodul\" \/>\n<meta name=\"robots\" content=\"index, follow, max-snippet:-1, max-image-preview:large, max-video-preview:-1\" \/>\n<link rel=\"canonical\" href=\"https:\/\/rental.vistasoftware.com\/de\/services\/\" \/>\n<meta property=\"og:locale\" content=\"de_DE\" \/>\n<meta property=\"og:type\" content=\"article\" \/>\n<meta property=\"og:title\" content=\"Services\" \/>\n<meta property=\"og:description\" content=\"Servicemodul\" \/>\n<meta property=\"og:url\" content=\"https:\/\/rental.vistasoftware.com\/de\/services\/\" \/>\n<meta property=\"og:site_name\" content=\"Rental software\" \/>\n<meta property=\"article:publisher\" content=\"https:\/\/facebook.com\/OFFIMAC\/\" \/>\n<meta property=\"article:modified_time\" content=\"2024-03-09T14:41:59+00:00\" \/>\n<meta name=\"twitter:card\" content=\"summary_large_image\" \/>\n<meta name=\"twitter:site\" content=\"@OffimacSmartICT\" \/>\n<meta name=\"twitter:label1\" content=\"Gesch\u00e4tzte Lesezeit\" \/>\n\t<meta name=\"twitter:data1\" content=\"1\u00a0Minute\" \/>\n<script type=\"application\/ld+json\" class=\"yoast-schema-graph\">{\"@context\":\"https:\/\/schema.org\",\"@graph\":[{\"@type\":\"WebPage\",\"@id\":\"https:\/\/rental.vistasoftware.com\/de\/services\/\",\"url\":\"https:\/\/rental.vistasoftware.com\/de\/services\/\",\"name\":\"Services\",\"isPartOf\":{\"@id\":\"https:\/\/rental.vistasoftware.com\/#website\"},\"datePublished\":\"2020-06-18T11:29:59+00:00\",\"dateModified\":\"2024-03-09T14:41:59+00:00\",\"description\":\"Servicemodul\",\"breadcrumb\":{\"@id\":\"https:\/\/rental.vistasoftware.com\/de\/services\/#breadcrumb\"},\"inLanguage\":\"de\",\"potentialAction\":[{\"@type\":\"ReadAction\",\"target\":[\"https:\/\/rental.vistasoftware.com\/de\/services\/\"]}]},{\"@type\":\"BreadcrumbList\",\"@id\":\"https:\/\/rental.vistasoftware.com\/de\/services\/#breadcrumb\",\"itemListElement\":[{\"@type\":\"ListItem\",\"position\":1,\"name\":\"Home\",\"item\":\"https:\/\/rental.vistasoftware.com\/de\/\"},{\"@type\":\"ListItem\",\"position\":2,\"name\":\"Services\"}]},{\"@type\":\"WebSite\",\"@id\":\"https:\/\/rental.vistasoftware.com\/#website\",\"url\":\"https:\/\/rental.vistasoftware.com\/\",\"name\":\"Rental software\",\"description\":\"Rental software\",\"potentialAction\":[{\"@type\":\"SearchAction\",\"target\":{\"@type\":\"EntryPoint\",\"urlTemplate\":\"https:\/\/rental.vistasoftware.com\/?s={search_term_string}\"},\"query-input\":\"required name=search_term_string\"}],\"inLanguage\":\"de\"}]}<\/script>\n<!-- \/ Yoast SEO plugin. -->","yoast_head_json":{"title":"Services","description":"Servicemodul","robots":{"index":"index","follow":"follow","max-snippet":"max-snippet:-1","max-image-preview":"max-image-preview:large","max-video-preview":"max-video-preview:-1"},"canonical":"https:\/\/rental.vistasoftware.com\/de\/services\/","og_locale":"de_DE","og_type":"article","og_title":"Services","og_description":"Servicemodul","og_url":"https:\/\/rental.vistasoftware.com\/de\/services\/","og_site_name":"Rental software","article_publisher":"https:\/\/facebook.com\/OFFIMAC\/","article_modified_time":"2024-03-09T14:41:59+00:00","twitter_card":"summary_large_image","twitter_site":"@OffimacSmartICT","twitter_misc":{"Gesch\u00e4tzte Lesezeit":"1\u00a0Minute"},"schema":{"@context":"https:\/\/schema.org","@graph":[{"@type":"WebPage","@id":"https:\/\/rental.vistasoftware.com\/de\/services\/","url":"https:\/\/rental.vistasoftware.com\/de\/services\/","name":"Services","isPartOf":{"@id":"https:\/\/rental.vistasoftware.com\/#website"},"datePublished":"2020-06-18T11:29:59+00:00","dateModified":"2024-03-09T14:41:59+00:00","description":"Servicemodul","breadcrumb":{"@id":"https:\/\/rental.vistasoftware.com\/de\/services\/#breadcrumb"},"inLanguage":"de","potentialAction":[{"@type":"ReadAction","target":["https:\/\/rental.vistasoftware.com\/de\/services\/"]}]},{"@type":"BreadcrumbList","@id":"https:\/\/rental.vistasoftware.com\/de\/services\/#breadcrumb","itemListElement":[{"@type":"ListItem","position":1,"name":"Home","item":"https:\/\/rental.vistasoftware.com\/de\/"},{"@type":"ListItem","position":2,"name":"Services"}]},{"@type":"WebSite","@id":"https:\/\/rental.vistasoftware.com\/#website","url":"https:\/\/rental.vistasoftware.com\/","name":"Rental software","description":"Rental software","potentialAction":[{"@type":"SearchAction","target":{"@type":"EntryPoint","urlTemplate":"https:\/\/rental.vistasoftware.com\/?s={search_term_string}"},"query-input":"required name=search_term_string"}],"inLanguage":"de"}]}},"_links":{"self":[{"href":"https:\/\/rental.vistasoftware.com\/de\/wp-json\/wp\/v2\/pages\/5484"}],"collection":[{"href":"https:\/\/rental.vistasoftware.com\/de\/wp-json\/wp\/v2\/pages"}],"about":[{"href":"https:\/\/rental.vistasoftware.com\/de\/wp-json\/wp\/v2\/types\/page"}],"author":[{"embeddable":true,"href":"https:\/\/rental.vistasoftware.com\/de\/wp-json\/wp\/v2\/users\/1"}],"replies":[{"embeddable":true,"href":"https:\/\/rental.vistasoftware.com\/de\/wp-json\/wp\/v2\/comments?post=5484"}],"version-history":[{"count":11,"href":"https:\/\/rental.vistasoftware.com\/de\/wp-json\/wp\/v2\/pages\/5484\/revisions"}],"predecessor-version":[{"id":7969,"href":"https:\/\/rental.vistasoftware.com\/de\/wp-json\/wp\/v2\/pages\/5484\/revisions\/7969"}],"wp:attachment":[{"href":"https:\/\/rental.vistasoftware.com\/de\/wp-json\/wp\/v2\/media?parent=5484"}],"curies":[{"name":"wp","href":"https:\/\/api.w.org\/{rel}","templated":true}]}}