{"id":5493,"date":"2020-06-18T11:31:55","date_gmt":"2020-06-18T11:31:55","guid":{"rendered":"http:\/\/rental.vistasoftware.com\/?page_id=5493"},"modified":"2024-03-09T14:18:43","modified_gmt":"2024-03-09T14:18:43","slug":"rent","status":"publish","type":"page","link":"https:\/\/rental.vistasoftware.com\/de\/rent\/","title":{"rendered":"Rent"},"content":{"rendered":"<p>[et_pb_section fb_built=&#8220;1&#8243; fullwidth=&#8220;on&#8220; _builder_version=&#8220;4.16&#8243; global_colors_info=&#8220;{}&#8220;][et_pb_fullwidth_image src=&#8220;https:\/\/rental.vistasoftware.com\/wp-content\/uploads\/2024\/03\/dynamics-365-business-central-rental-ERP-software.webp&#8220; title_text=&#8220;dynamics 365 business central rental ERP software&#8220; _builder_version=&#8220;4.19.5&#8243; hover_enabled=&#8220;0&#8243; global_colors_info=&#8220;{}&#8220; sticky_enabled=&#8220;0&#8243;][\/et_pb_fullwidth_image][\/et_pb_section][et_pb_section fb_built=&#8220;1&#8243; _builder_version=&#8220;4.16&#8243; global_colors_info=&#8220;{}&#8220;][et_pb_row _builder_version=&#8220;4.16&#8243; background_size=&#8220;initial&#8220; background_position=&#8220;top_left&#8220; background_repeat=&#8220;repeat&#8220; global_colors_info=&#8220;{}&#8220;][et_pb_column type=&#8220;4_4&#8243; _builder_version=&#8220;4.16&#8243; custom_padding=&#8220;|||&#8220; global_colors_info=&#8220;{}&#8220; custom_padding__hover=&#8220;|||&#8220;][et_pb_text _builder_version=&#8220;4.19.5&#8243; header_text_color=&#8220;#2ea3f2&#8243; custom_padding=&#8220;||3px|||&#8220; border_style=&#8220;solid&#8220; saved_tabs=&#8220;all&#8220; global_colors_info=&#8220;{}&#8220;]<\/p>\n<h1><span style=\"color: #ff0000;\"><span style=\"color: #ea5f0b;\">Vermietung<\/span><\/span><\/h1>\n<p>[\/et_pb_text][\/et_pb_column][\/et_pb_row][et_pb_row column_structure=&#8220;1_2,1_2&#8243; _builder_version=&#8220;4.16&#8243; global_colors_info=&#8220;{}&#8220;][et_pb_column type=&#8220;1_2&#8243; _builder_version=&#8220;4.16&#8243; global_colors_info=&#8220;{}&#8220;][et_pb_text _builder_version=&#8220;4.16&#8243; global_colors_info=&#8220;{}&#8220;]<\/p>\n<ul>\n<li><span style=\"font-size: 14px; color: #000000;\">Mietgegenst\u00e4nde &amp; Vertr\u00e4ge: Objekte, Verbrauchsmaterialien, &#8230;<\/span><\/li>\n<li><span style=\"color: #000000;\">Kurz- and Langzeitimiete<\/span><\/li>\n<li><span style=\"color: #000000;\">Projektbasierte Vermietung (optional)<\/span><\/li>\n<li><span style=\"color: #000000;\">Kalenders, Reservierungen &amp; Planung<\/span><\/li>\n<li><span style=\"color: #000000;\">Verbrauch &amp; Z\u00e4hlerablesungen<\/span><\/li>\n<li><span style=\"color: #000000;\">Kauf, Logistik, Lagerh\u00e4user, Transport<\/span><\/li>\n<li><span style=\"color: #000000;\">Historische Daten<\/span><\/li>\n<li><span color=\"#7cda24\" style=\"color: #000000;\">Verm\u00f6gensverwaltung und Vertrieb<\/span><\/li>\n<li><span style=\"color: #000000;\">Starke Berichte und Statistieken<\/span><\/li>\n<li><span style=\"color: #000000;\">Dokumentenverwaltung<\/span><\/li>\n<li><span style=\"color: #000000;\">Links zum Servicemodul (optional)<\/span><\/li>\n<li><span style=\"color: #000000;\">Links zu anderen Offimac-Modulen (optional)<\/span><\/li>\n<li><span style=\"color: #000000;\">Apps (optional)<\/span><\/li>\n<\/ul>\n<p>[\/et_pb_text][\/et_pb_column][et_pb_column type=&#8220;1_2&#8243; _builder_version=&#8220;4.16&#8243; global_colors_info=&#8220;{}&#8220;][et_pb_image src=&#8220;https:\/\/rental.vistasoftware.com\/wp-content\/uploads\/2024\/03\/dynamics-365-business-central-rental-verhuur-vermietung-location-software.jpg&#8220; _builder_version=&#8220;4.19.5&#8243; hover_enabled=&#8220;0&#8243; global_colors_info=&#8220;{}&#8220; title_text=&#8220;dynamics 365 business central rental verhuur vermietung location software&#8220; sticky_enabled=&#8220;0&#8243;][\/et_pb_image][\/et_pb_column][\/et_pb_row][et_pb_row _builder_version=&#8220;4.16&#8243; global_colors_info=&#8220;{}&#8220;][et_pb_column type=&#8220;4_4&#8243; _builder_version=&#8220;4.16&#8243; global_colors_info=&#8220;{}&#8220;][et_pb_text _builder_version=&#8220;4.16&#8243; global_colors_info=&#8220;{}&#8220;]<\/p>\n<p><span style=\"color: #000000;\">Wir habeneine Gesamtl\u00f6sung von A bis Z zu vermieten. Andere Funktionen wie das Rechnungwesen sind enthalten.<\/span><\/p>\n<p><span style=\"color: #000000;\">Suchen Sie nach mehr Software? Schauen Sie sich unbedingt unsere Homepage an!<\/span><\/p>\n<p><span style=\"color: #7cda24;\"><\/span><\/p>\n<p>[\/et_pb_text][\/et_pb_column][\/et_pb_row][\/et_pb_section][et_pb_section fb_built=&#8220;1&#8243; _builder_version=&#8220;4.16&#8243; _module_preset=&#8220;default&#8220; global_colors_info=&#8220;{}&#8220;][et_pb_row _builder_version=&#8220;4.16&#8243; _module_preset=&#8220;default&#8220; global_colors_info=&#8220;{}&#8220;][et_pb_column type=&#8220;4_4&#8243; _builder_version=&#8220;4.16&#8243; _module_preset=&#8220;default&#8220; global_colors_info=&#8220;{}&#8220;][et_pb_image src=&#8220;https:\/\/rental.vistasoftware.com\/wp-content\/uploads\/2024\/03\/Vermietungssoftware.png&#8220; title_text=&#8220;Vermietungssoftware&#8220; align=&#8220;center&#8220; _builder_version=&#8220;4.19.5&#8243; _module_preset=&#8220;default&#8220; hover_enabled=&#8220;0&#8243; global_colors_info=&#8220;{}&#8220; sticky_enabled=&#8220;0&#8243;][\/et_pb_image][\/et_pb_column][\/et_pb_row][\/et_pb_section]<\/p>\n","protected":false},"excerpt":{"rendered":"<p>Vermietung Mietgegenst\u00e4nde &amp; Vertr\u00e4ge: Objekte, Verbrauchsmaterialien, &#8230; Kurz- and Langzeitimiete Projektbasierte Vermietung (optional) Kalenders, Reservierungen &amp; Planung Verbrauch &amp; Z\u00e4hlerablesungen Kauf, Logistik, Lagerh\u00e4user, Transport Historische Daten Verm\u00f6gensverwaltung und Vertrieb Starke Berichte und Statistieken Dokumentenverwaltung Links zum Servicemodul (optional) Links zu anderen Offimac-Modulen (optional) Apps (optional) Wir habeneine Gesamtl\u00f6sung von A bis Z zu vermieten. Andere [&hellip;]<\/p>\n","protected":false},"author":1,"featured_media":0,"parent":0,"menu_order":0,"comment_status":"closed","ping_status":"closed","template":"","meta":{"_et_pb_use_builder":"on","_et_pb_old_content":"","_et_gb_content_width":"","footnotes":""},"yoast_head":"<!-- This site is optimized with the Yoast SEO plugin v22.9 - https:\/\/yoast.com\/wordpress\/plugins\/seo\/ -->\n<title>Rent<\/title>\n<meta name=\"description\" content=\"Module f\u00fcr Vermietung\" \/>\n<meta name=\"robots\" content=\"index, follow, max-snippet:-1, max-image-preview:large, max-video-preview:-1\" \/>\n<link rel=\"canonical\" href=\"https:\/\/rental.vistasoftware.com\/de\/rent\/\" \/>\n<meta property=\"og:locale\" content=\"de_DE\" \/>\n<meta property=\"og:type\" content=\"article\" \/>\n<meta property=\"og:title\" content=\"Rent\" \/>\n<meta property=\"og:description\" content=\"Module f\u00fcr Vermietung\" \/>\n<meta property=\"og:url\" content=\"https:\/\/rental.vistasoftware.com\/de\/rent\/\" \/>\n<meta property=\"og:site_name\" content=\"Rental software\" \/>\n<meta property=\"article:publisher\" content=\"https:\/\/facebook.com\/OFFIMAC\/\" \/>\n<meta property=\"article:modified_time\" content=\"2024-03-09T14:18:43+00:00\" \/>\n<meta name=\"twitter:card\" content=\"summary_large_image\" \/>\n<meta name=\"twitter:site\" content=\"@OffimacSmartICT\" \/>\n<meta name=\"twitter:label1\" content=\"Gesch\u00e4tzte Lesezeit\" \/>\n\t<meta name=\"twitter:data1\" content=\"1\u00a0Minute\" \/>\n<script type=\"application\/ld+json\" class=\"yoast-schema-graph\">{\"@context\":\"https:\/\/schema.org\",\"@graph\":[{\"@type\":\"WebPage\",\"@id\":\"https:\/\/rental.vistasoftware.com\/de\/rent\/\",\"url\":\"https:\/\/rental.vistasoftware.com\/de\/rent\/\",\"name\":\"Rent\",\"isPartOf\":{\"@id\":\"https:\/\/rental.vistasoftware.com\/#website\"},\"datePublished\":\"2020-06-18T11:31:55+00:00\",\"dateModified\":\"2024-03-09T14:18:43+00:00\",\"description\":\"Module f\u00fcr Vermietung\",\"breadcrumb\":{\"@id\":\"https:\/\/rental.vistasoftware.com\/de\/rent\/#breadcrumb\"},\"inLanguage\":\"de\",\"potentialAction\":[{\"@type\":\"ReadAction\",\"target\":[\"https:\/\/rental.vistasoftware.com\/de\/rent\/\"]}]},{\"@type\":\"BreadcrumbList\",\"@id\":\"https:\/\/rental.vistasoftware.com\/de\/rent\/#breadcrumb\",\"itemListElement\":[{\"@type\":\"ListItem\",\"position\":1,\"name\":\"Home\",\"item\":\"https:\/\/rental.vistasoftware.com\/de\/\"},{\"@type\":\"ListItem\",\"position\":2,\"name\":\"Rent\"}]},{\"@type\":\"WebSite\",\"@id\":\"https:\/\/rental.vistasoftware.com\/#website\",\"url\":\"https:\/\/rental.vistasoftware.com\/\",\"name\":\"Rental software\",\"description\":\"Rental software\",\"potentialAction\":[{\"@type\":\"SearchAction\",\"target\":{\"@type\":\"EntryPoint\",\"urlTemplate\":\"https:\/\/rental.vistasoftware.com\/?s={search_term_string}\"},\"query-input\":\"required name=search_term_string\"}],\"inLanguage\":\"de\"}]}<\/script>\n<!-- \/ Yoast SEO plugin. -->","yoast_head_json":{"title":"Rent","description":"Module f\u00fcr Vermietung","robots":{"index":"index","follow":"follow","max-snippet":"max-snippet:-1","max-image-preview":"max-image-preview:large","max-video-preview":"max-video-preview:-1"},"canonical":"https:\/\/rental.vistasoftware.com\/de\/rent\/","og_locale":"de_DE","og_type":"article","og_title":"Rent","og_description":"Module f\u00fcr Vermietung","og_url":"https:\/\/rental.vistasoftware.com\/de\/rent\/","og_site_name":"Rental software","article_publisher":"https:\/\/facebook.com\/OFFIMAC\/","article_modified_time":"2024-03-09T14:18:43+00:00","twitter_card":"summary_large_image","twitter_site":"@OffimacSmartICT","twitter_misc":{"Gesch\u00e4tzte Lesezeit":"1\u00a0Minute"},"schema":{"@context":"https:\/\/schema.org","@graph":[{"@type":"WebPage","@id":"https:\/\/rental.vistasoftware.com\/de\/rent\/","url":"https:\/\/rental.vistasoftware.com\/de\/rent\/","name":"Rent","isPartOf":{"@id":"https:\/\/rental.vistasoftware.com\/#website"},"datePublished":"2020-06-18T11:31:55+00:00","dateModified":"2024-03-09T14:18:43+00:00","description":"Module f\u00fcr Vermietung","breadcrumb":{"@id":"https:\/\/rental.vistasoftware.com\/de\/rent\/#breadcrumb"},"inLanguage":"de","potentialAction":[{"@type":"ReadAction","target":["https:\/\/rental.vistasoftware.com\/de\/rent\/"]}]},{"@type":"BreadcrumbList","@id":"https:\/\/rental.vistasoftware.com\/de\/rent\/#breadcrumb","itemListElement":[{"@type":"ListItem","position":1,"name":"Home","item":"https:\/\/rental.vistasoftware.com\/de\/"},{"@type":"ListItem","position":2,"name":"Rent"}]},{"@type":"WebSite","@id":"https:\/\/rental.vistasoftware.com\/#website","url":"https:\/\/rental.vistasoftware.com\/","name":"Rental software","description":"Rental software","potentialAction":[{"@type":"SearchAction","target":{"@type":"EntryPoint","urlTemplate":"https:\/\/rental.vistasoftware.com\/?s={search_term_string}"},"query-input":"required name=search_term_string"}],"inLanguage":"de"}]}},"_links":{"self":[{"href":"https:\/\/rental.vistasoftware.com\/de\/wp-json\/wp\/v2\/pages\/5493"}],"collection":[{"href":"https:\/\/rental.vistasoftware.com\/de\/wp-json\/wp\/v2\/pages"}],"about":[{"href":"https:\/\/rental.vistasoftware.com\/de\/wp-json\/wp\/v2\/types\/page"}],"author":[{"embeddable":true,"href":"https:\/\/rental.vistasoftware.com\/de\/wp-json\/wp\/v2\/users\/1"}],"replies":[{"embeddable":true,"href":"https:\/\/rental.vistasoftware.com\/de\/wp-json\/wp\/v2\/comments?post=5493"}],"version-history":[{"count":11,"href":"https:\/\/rental.vistasoftware.com\/de\/wp-json\/wp\/v2\/pages\/5493\/revisions"}],"predecessor-version":[{"id":7957,"href":"https:\/\/rental.vistasoftware.com\/de\/wp-json\/wp\/v2\/pages\/5493\/revisions\/7957"}],"wp:attachment":[{"href":"https:\/\/rental.vistasoftware.com\/de\/wp-json\/wp\/v2\/media?parent=5493"}],"curies":[{"name":"wp","href":"https:\/\/api.w.org\/{rel}","templated":true}]}}