{"id":5480,"date":"2020-06-18T11:29:26","date_gmt":"2020-06-18T11:29:26","guid":{"rendered":"http:\/\/rental.vistasoftware.com\/?page_id=5480"},"modified":"2024-03-09T14:38:21","modified_gmt":"2024-03-09T14:38:21","slug":"services","status":"publish","type":"page","link":"https:\/\/rental.vistasoftware.com\/fr\/services\/","title":{"rendered":"Services"},"content":{"rendered":"<p>[et_pb_section fb_built=\u00a0\u00bb1&Prime; fullwidth=\u00a0\u00bbon\u00a0\u00bb _builder_version=\u00a0\u00bb4.16&Prime; global_colors_info=\u00a0\u00bb{}\u00a0\u00bb][et_pb_fullwidth_image src=\u00a0\u00bbhttps:\/\/rental.vistasoftware.com\/wp-content\/uploads\/2024\/03\/dynamics-365-business-central-software-rental-diensten-service-dienstleistungen.jpg\u00a0\u00bb title_text=\u00a0\u00bbdynamics 365 business central software rental diensten service dienstleistungen\u00a0\u00bb _builder_version=\u00a0\u00bb4.19.5&Prime; hover_enabled=\u00a0\u00bb0&Prime; global_colors_info=\u00a0\u00bb{}\u00a0\u00bb sticky_enabled=\u00a0\u00bb0&Prime;][\/et_pb_fullwidth_image][\/et_pb_section][et_pb_section fb_built=\u00a0\u00bb1&Prime; _builder_version=\u00a0\u00bb4.16&Prime; global_colors_info=\u00a0\u00bb{}\u00a0\u00bb][et_pb_row _builder_version=\u00a0\u00bb4.16&Prime; background_size=\u00a0\u00bbinitial\u00a0\u00bb background_position=\u00a0\u00bbtop_left\u00a0\u00bb background_repeat=\u00a0\u00bbrepeat\u00a0\u00bb global_colors_info=\u00a0\u00bb{}\u00a0\u00bb][et_pb_column type=\u00a0\u00bb4_4&Prime; _builder_version=\u00a0\u00bb4.16&Prime; custom_padding=\u00a0\u00bb|||\u00a0\u00bb global_colors_info=\u00a0\u00bb{}\u00a0\u00bb custom_padding__hover=\u00a0\u00bb|||\u00a0\u00bb][et_pb_text _builder_version=\u00a0\u00bb4.19.5&Prime; header_text_color=\u00a0\u00bb#2ea3f2&Prime; custom_padding=\u00a0\u00bb3px|||||\u00a0\u00bb border_style=\u00a0\u00bbsolid\u00a0\u00bb saved_tabs=\u00a0\u00bball\u00a0\u00bb global_colors_info=\u00a0\u00bb{}\u00a0\u00bb]<\/p>\n<h1><span style=\"color: #ea5f0b;\">Services<\/span><\/h1>\n<p>[\/et_pb_text][\/et_pb_column][\/et_pb_row][et_pb_row column_structure=\u00a0\u00bb1_2,1_2&Prime; _builder_version=\u00a0\u00bb4.16&Prime; global_colors_info=\u00a0\u00bb{}\u00a0\u00bb][et_pb_column type=\u00a0\u00bb1_2&Prime; _builder_version=\u00a0\u00bb4.16&Prime; global_colors_info=\u00a0\u00bb{}\u00a0\u00bb][et_pb_image src=\u00a0\u00bbhttps:\/\/rental.vistasoftware.com\/wp-content\/uploads\/2024\/03\/dynamics-365-business-central-rental-verhuur-vermietung-location-software.jpg\u00a0\u00bb _builder_version=\u00a0\u00bb4.19.5&Prime; hover_enabled=\u00a0\u00bb0&Prime; global_colors_info=\u00a0\u00bb{}\u00a0\u00bb title_text=\u00a0\u00bbdynamics 365 business central rental verhuur vermietung location software\u00a0\u00bb sticky_enabled=\u00a0\u00bb0&Prime;][\/et_pb_image][\/et_pb_column][et_pb_column type=\u00a0\u00bb1_2&Prime; _builder_version=\u00a0\u00bb4.16&Prime; global_colors_info=\u00a0\u00bb{}\u00a0\u00bb][et_pb_text _builder_version=\u00a0\u00bb4.16&Prime; global_colors_info=\u00a0\u00bb{}\u00a0\u00bb]<\/p>\n<ul>\n<li><span style=\"color: #000000;\">Articles de service (objets, \u00e9quipment, pi\u00e8ces d\u00e9tach\u00e9es, &#8230;)<\/span><\/li>\n<li><span style=\"color: #000000;\">Types de services (installation, maintenance, r\u00e9paration, transport, &#8230;)<\/span><\/li>\n<li><span style=\"color: #000000;\">Contrats de service et facturation periodique ou sp\u00e9cifique<\/span><\/li>\n<li><span style=\"color: #000000;\">T\u00e2ches et planification<\/span><\/li>\n<li><span style=\"color: #000000;\">Planification graphique<\/span><\/li>\n<li><span style=\"color: #000000;\">Compteurs, tests, certifications et inspections<\/span><\/li>\n<li><span style=\"color: #000000;\">Ressources &amp; enregistrement du temps<\/span><\/li>\n<li><span style=\"color: #000000;\">Stock<\/span><\/li>\n<li><span style=\"color: #000000;\">Facturation<\/span><\/li>\n<li><span style=\"color: #000000;\">Rapports et statistiques<\/span><\/li>\n<li><span style=\"color: #000000;\">Lien avec la module de projet ou de location (optionel)<\/span><\/li>\n<li><span style=\"color: #000000;\">Lien avec SharePoint (optionel)<\/span><\/li>\n<li><span style=\"color: #000000;\">Apps (online, offline)<\/span><\/li>\n<\/ul>\n<p>[\/et_pb_text][\/et_pb_column][\/et_pb_row][\/et_pb_section][et_pb_section fb_built=\u00a0\u00bb1&Prime; _builder_version=\u00a0\u00bb4.16&Prime; _module_preset=\u00a0\u00bbdefault\u00a0\u00bb global_colors_info=\u00a0\u00bb{}\u00a0\u00bb][et_pb_row _builder_version=\u00a0\u00bb4.16&Prime; _module_preset=\u00a0\u00bbdefault\u00a0\u00bb global_colors_info=\u00a0\u00bb{}\u00a0\u00bb][et_pb_column type=\u00a0\u00bb4_4&Prime; _builder_version=\u00a0\u00bb4.16&Prime; _module_preset=\u00a0\u00bbdefault\u00a0\u00bb global_colors_info=\u00a0\u00bb{}\u00a0\u00bb][et_pb_image src=\u00a0\u00bbhttps:\/\/rental.vistasoftware.com\/wp-content\/uploads\/2024\/03\/rental-management-software-partner.png\u00a0\u00bb title_text=\u00a0\u00bbrental management software partner\u00a0\u00bb align=\u00a0\u00bbcenter\u00a0\u00bb _builder_version=\u00a0\u00bb4.19.5&Prime; _module_preset=\u00a0\u00bbdefault\u00a0\u00bb hover_enabled=\u00a0\u00bb0&Prime; global_colors_info=\u00a0\u00bb{}\u00a0\u00bb sticky_enabled=\u00a0\u00bb0&Prime;][\/et_pb_image][\/et_pb_column][\/et_pb_row][\/et_pb_section]<\/p>\n","protected":false},"excerpt":{"rendered":"<p>Services Articles de service (objets, \u00e9quipment, pi\u00e8ces d\u00e9tach\u00e9es, &#8230;) Types de services (installation, maintenance, r\u00e9paration, transport, &#8230;) Contrats de service et facturation periodique ou sp\u00e9cifique T\u00e2ches et planification Planification graphique Compteurs, tests, certifications et inspections Ressources &amp; enregistrement du temps Stock Facturation Rapports et statistiques Lien avec la module de projet ou de location (optionel) [&hellip;]<\/p>\n","protected":false},"author":1,"featured_media":0,"parent":0,"menu_order":0,"comment_status":"closed","ping_status":"closed","template":"","meta":{"_et_pb_use_builder":"on","_et_pb_old_content":"","_et_gb_content_width":"","footnotes":""},"yoast_head":"<!-- This site is optimized with the Yoast SEO plugin v22.9 - https:\/\/yoast.com\/wordpress\/plugins\/seo\/ -->\n<title>Services<\/title>\n<meta name=\"description\" content=\"Module services\" \/>\n<meta name=\"robots\" content=\"index, follow, max-snippet:-1, max-image-preview:large, max-video-preview:-1\" \/>\n<link rel=\"canonical\" href=\"https:\/\/rental.vistasoftware.com\/fr\/services\/\" \/>\n<meta property=\"og:locale\" content=\"fr_FR\" \/>\n<meta property=\"og:type\" content=\"article\" \/>\n<meta property=\"og:title\" content=\"Services\" \/>\n<meta property=\"og:description\" content=\"Module services\" \/>\n<meta property=\"og:url\" content=\"https:\/\/rental.vistasoftware.com\/fr\/services\/\" \/>\n<meta property=\"og:site_name\" content=\"Rental software\" \/>\n<meta property=\"article:publisher\" content=\"https:\/\/facebook.com\/OFFIMAC\/\" \/>\n<meta property=\"article:modified_time\" content=\"2024-03-09T14:38:21+00:00\" \/>\n<meta name=\"twitter:card\" content=\"summary_large_image\" \/>\n<meta name=\"twitter:site\" content=\"@OffimacSmartICT\" \/>\n<meta name=\"twitter:label1\" content=\"Dur\u00e9e de lecture estim\u00e9e\" \/>\n\t<meta name=\"twitter:data1\" content=\"1 minute\" \/>\n<script type=\"application\/ld+json\" class=\"yoast-schema-graph\">{\"@context\":\"https:\/\/schema.org\",\"@graph\":[{\"@type\":\"WebPage\",\"@id\":\"https:\/\/rental.vistasoftware.com\/fr\/services\/\",\"url\":\"https:\/\/rental.vistasoftware.com\/fr\/services\/\",\"name\":\"Services\",\"isPartOf\":{\"@id\":\"https:\/\/rental.vistasoftware.com\/#website\"},\"datePublished\":\"2020-06-18T11:29:26+00:00\",\"dateModified\":\"2024-03-09T14:38:21+00:00\",\"description\":\"Module services\",\"breadcrumb\":{\"@id\":\"https:\/\/rental.vistasoftware.com\/fr\/services\/#breadcrumb\"},\"inLanguage\":\"fr-FR\",\"potentialAction\":[{\"@type\":\"ReadAction\",\"target\":[\"https:\/\/rental.vistasoftware.com\/fr\/services\/\"]}]},{\"@type\":\"BreadcrumbList\",\"@id\":\"https:\/\/rental.vistasoftware.com\/fr\/services\/#breadcrumb\",\"itemListElement\":[{\"@type\":\"ListItem\",\"position\":1,\"name\":\"Home\",\"item\":\"https:\/\/rental.vistasoftware.com\/fr\/\"},{\"@type\":\"ListItem\",\"position\":2,\"name\":\"Services\"}]},{\"@type\":\"WebSite\",\"@id\":\"https:\/\/rental.vistasoftware.com\/#website\",\"url\":\"https:\/\/rental.vistasoftware.com\/\",\"name\":\"Rental software\",\"description\":\"Rental software\",\"potentialAction\":[{\"@type\":\"SearchAction\",\"target\":{\"@type\":\"EntryPoint\",\"urlTemplate\":\"https:\/\/rental.vistasoftware.com\/?s={search_term_string}\"},\"query-input\":\"required name=search_term_string\"}],\"inLanguage\":\"fr-FR\"}]}<\/script>\n<!-- \/ Yoast SEO plugin. -->","yoast_head_json":{"title":"Services","description":"Module services","robots":{"index":"index","follow":"follow","max-snippet":"max-snippet:-1","max-image-preview":"max-image-preview:large","max-video-preview":"max-video-preview:-1"},"canonical":"https:\/\/rental.vistasoftware.com\/fr\/services\/","og_locale":"fr_FR","og_type":"article","og_title":"Services","og_description":"Module services","og_url":"https:\/\/rental.vistasoftware.com\/fr\/services\/","og_site_name":"Rental software","article_publisher":"https:\/\/facebook.com\/OFFIMAC\/","article_modified_time":"2024-03-09T14:38:21+00:00","twitter_card":"summary_large_image","twitter_site":"@OffimacSmartICT","twitter_misc":{"Dur\u00e9e de lecture estim\u00e9e":"1 minute"},"schema":{"@context":"https:\/\/schema.org","@graph":[{"@type":"WebPage","@id":"https:\/\/rental.vistasoftware.com\/fr\/services\/","url":"https:\/\/rental.vistasoftware.com\/fr\/services\/","name":"Services","isPartOf":{"@id":"https:\/\/rental.vistasoftware.com\/#website"},"datePublished":"2020-06-18T11:29:26+00:00","dateModified":"2024-03-09T14:38:21+00:00","description":"Module services","breadcrumb":{"@id":"https:\/\/rental.vistasoftware.com\/fr\/services\/#breadcrumb"},"inLanguage":"fr-FR","potentialAction":[{"@type":"ReadAction","target":["https:\/\/rental.vistasoftware.com\/fr\/services\/"]}]},{"@type":"BreadcrumbList","@id":"https:\/\/rental.vistasoftware.com\/fr\/services\/#breadcrumb","itemListElement":[{"@type":"ListItem","position":1,"name":"Home","item":"https:\/\/rental.vistasoftware.com\/fr\/"},{"@type":"ListItem","position":2,"name":"Services"}]},{"@type":"WebSite","@id":"https:\/\/rental.vistasoftware.com\/#website","url":"https:\/\/rental.vistasoftware.com\/","name":"Rental software","description":"Rental software","potentialAction":[{"@type":"SearchAction","target":{"@type":"EntryPoint","urlTemplate":"https:\/\/rental.vistasoftware.com\/?s={search_term_string}"},"query-input":"required name=search_term_string"}],"inLanguage":"fr-FR"}]}},"_links":{"self":[{"href":"https:\/\/rental.vistasoftware.com\/fr\/wp-json\/wp\/v2\/pages\/5480"}],"collection":[{"href":"https:\/\/rental.vistasoftware.com\/fr\/wp-json\/wp\/v2\/pages"}],"about":[{"href":"https:\/\/rental.vistasoftware.com\/fr\/wp-json\/wp\/v2\/types\/page"}],"author":[{"embeddable":true,"href":"https:\/\/rental.vistasoftware.com\/fr\/wp-json\/wp\/v2\/users\/1"}],"replies":[{"embeddable":true,"href":"https:\/\/rental.vistasoftware.com\/fr\/wp-json\/wp\/v2\/comments?post=5480"}],"version-history":[{"count":12,"href":"https:\/\/rental.vistasoftware.com\/fr\/wp-json\/wp\/v2\/pages\/5480\/revisions"}],"predecessor-version":[{"id":7966,"href":"https:\/\/rental.vistasoftware.com\/fr\/wp-json\/wp\/v2\/pages\/5480\/revisions\/7966"}],"wp:attachment":[{"href":"https:\/\/rental.vistasoftware.com\/fr\/wp-json\/wp\/v2\/media?parent=5480"}],"curies":[{"name":"wp","href":"https:\/\/api.w.org\/{rel}","templated":true}]}}